{"id":468,"date":"2018-06-21T20:10:12","date_gmt":"2018-06-21T18:10:12","guid":{"rendered":"https:\/\/www.seahouses.si\/privacy-policy\/"},"modified":"2020-09-23T09:48:13","modified_gmt":"2020-09-23T07:48:13","slug":"privacy-policy","status":"publish","type":"page","link":"https:\/\/www.seahouses.si\/en\/privacy-policy\/","title":{"rendered":"Privacy Policy"},"content":{"rendered":"<p>[et_pb_section fb_built=&#8221;1&#8243; fullwidth=&#8221;on&#8221; _builder_version=&#8221;3.22&#8243;][et_pb_fullwidth_header title=&#8221;Privacy Policy&#8221; text_orientation=&#8221;center&#8221; background_overlay_color=&#8221;rgba(0,0,0,0.5)&#8221; _builder_version=&#8221;4.6.1&#8243; title_font_size=&#8221;33px&#8221; title_line_height=&#8221;1.4em&#8221; background_color=&#8221;#ffffff&#8221; background_image=&#8221;https:\/\/www.seahouses.si\/wp-content\/uploads\/2018\/06\/marina_seahouse_privacy.jpg&#8221; hover_enabled=&#8221;0&#8243; title_font_size_tablet=&#8221;30px&#8221; title_font_size_phone=&#8221;26px&#8221; title_font_size_last_edited=&#8221;on|phone&#8221; button_one_text_size__hover_enabled=&#8221;off&#8221; button_two_text_size__hover_enabled=&#8221;off&#8221; button_one_text_color__hover_enabled=&#8221;off&#8221; button_two_text_color__hover_enabled=&#8221;off&#8221; button_one_border_width__hover_enabled=&#8221;off&#8221; button_two_border_width__hover_enabled=&#8221;off&#8221; button_one_border_color__hover_enabled=&#8221;off&#8221; button_two_border_color__hover_enabled=&#8221;off&#8221; button_one_border_radius__hover_enabled=&#8221;off&#8221; button_two_border_radius__hover_enabled=&#8221;off&#8221; button_one_letter_spacing__hover_enabled=&#8221;off&#8221; button_two_letter_spacing__hover_enabled=&#8221;off&#8221; button_one_bg_color__hover_enabled=&#8221;off&#8221; button_two_bg_color__hover_enabled=&#8221;off&#8221; sticky_enabled=&#8221;0&#8243;]Our privacy policy is compiled in accordance with the Consumer Protection Act and the Personal Data Protection Act. It determines the terms of use of the website and the terms of booking through the website www.seahouses.si, managed by SEAHOUSE, NASTANITVENE DEJAVNOSTI, G\u00c1BOR DOMJ\u00c1N, s.p. (hereinafter referred to as the &#8220;provider&#8221;) and the conditions for the processing of personal data collected by the provider.[\/et_pb_fullwidth_header][\/et_pb_section][et_pb_section fb_built=&#8221;1&#8243; _builder_version=&#8221;3.22&#8243;][et_pb_row column_structure=&#8221;1_4,3_4&#8243; _builder_version=&#8221;3.25&#8243; background_size=&#8221;initial&#8221; background_position=&#8221;top_left&#8221; background_repeat=&#8221;repeat&#8221;][et_pb_column type=&#8221;1_4&#8243; _builder_version=&#8221;3.25&#8243; custom_padding=&#8221;|||&#8221; custom_padding__hover=&#8221;|||&#8221;][et_pb_text admin_label=&#8221;Informacije o ponudniku&#8221; _builder_version=&#8221;4.6.1&#8243; text_text_color=&#8221;#666666&#8243; header_4_line_height=&#8221;1.4em&#8221; hover_enabled=&#8221;0&#8243; sticky_enabled=&#8221;0&#8243;]<\/p>\n<h4>Provider<\/h4>\n<p><img loading=\"lazy\" decoding=\"async\" class=\"alignnone size-full wp-image-67\" src=\"https:\/\/www.seahouses.si\/wp-content\/uploads\/2018\/06\/ms_divider.png\" alt=\"\" width=\"125\" height=\"4\"><\/p>\n<p>SEAHOUSE, NASTANITVENE DEJAVNOSTI, G\u00c1BOR DOMJ\u00c1N, s.p.<br \/>\nIndustrijska ulica 2<br \/>\nSI-9220 Lendava &#8211; Lendva<br \/>\nT +386 51 258 828<br \/>\nEmail: <a href=\"mailto:info@seahouses.si\">info@seahouses.si<\/a><br \/>\nID number: 8697345<br \/>\nTax number: 10842985<br \/>\n[\/et_pb_text][\/et_pb_column][et_pb_column type=&#8221;3_4&#8243; _builder_version=&#8221;3.25&#8243; custom_padding=&#8221;|||&#8221; custom_padding__hover=&#8221;|||&#8221;][et_pb_text _builder_version=&#8221;4.6.1&#8243; header_4_line_height=&#8221;1.4em&#8221; hover_enabled=&#8221;0&#8243; sticky_enabled=&#8221;0&#8243;]<\/p>\n<h4>Personal data protection<\/h4>\n<p><img loading=\"lazy\" decoding=\"async\" class=\"alignnone size-full wp-image-67\" src=\"https:\/\/www.seahouses.si\/wp-content\/uploads\/2018\/06\/ms_divider.png\" alt=\"\" width=\"125\" height=\"4\" \/><\/p>\n<p>The provider collects personal guest data through the website www.seahouses.si and processes them as personal data manager in accordance with the applicable legislation in the field of personal data protection.<\/p>\n<p>Our Privacy Policy:<\/p>\n<ul>\n<li>We never give out information about our guests, we do not sell them and do not allow them to be processed by any third party, except by our contracted personal data processors (Marina Portoro\u017e, who receive only the name and surname of our guest).<\/li>\n<li>We allow contractual processors to process personal data only on condition that they have a sufficient level of protection of personal data as determined by applicable law.<\/li>\n<li>We store personal data as long as this is strictly necessary to fulfill the purpose for which it was collected or until the consent of the individual is revoked.<\/li>\n<li>We commit ourselves to the permanent protection of all personal information of our guests.<\/li>\n<li>Personal data is handled only by the authorized persons of the provider and the authorized persons of our contracted processors.<\/li>\n<li>In the future, the rules on the protection of personal data will be amended and supplemented in accordance with the amendments to the legislation in the area of the protection of personal data.<\/li>\n<\/ul>\n<p>&nbsp;<\/p>\n<h4>Gathering of personal data and consent for their use<\/h4>\n<p><img loading=\"lazy\" decoding=\"async\" class=\"alignnone size-full wp-image-67\" src=\"https:\/\/www.seahouses.si\/wp-content\/uploads\/2018\/06\/ms_divider.png\" alt=\"\" width=\"125\" height=\"4\" \/><\/p>\n<ul>\n<li>The provider collects personal information via secure connection (SSL) and protects them by encryption during their transfer over the Internet.<\/li>\n<li>The provider collects and processes personal data solely on the basis of the individual&#8217;s consent.<\/li>\n<li>In case of contacting the provider through reservation forms, the personal data entered are used exclusively for sending the message to providers\u2019 e-mail. The guest expresses his consent by pressing the send button.<\/li>\n<\/ul>\n<p>&nbsp;<\/p>\n<h4>Purpose of personal data processing<\/h4>\n<p><img loading=\"lazy\" decoding=\"async\" class=\"alignnone size-full wp-image-67\" src=\"https:\/\/www.seahouses.si\/wp-content\/uploads\/2018\/06\/ms_divider.png\" alt=\"\" width=\"125\" height=\"4\" \/><\/p>\n<ul>\n<li>The provider will use personal data exclusively for the purpose for which it was collected and for which they have the consent for.<\/li>\n<li>Personal data of the clients who have consented to receiving our news, events and offers will be notified through their preferred way of notification (e-mail, text message) no more than once a month.<\/li>\n<li>Personal data of clients who make a reservation on our website through the reservation form will be used exclusively for the response to the submitted application or demand.<\/li>\n<\/ul>\n<p>&nbsp;<\/p>\n<h4>Procedure for enforcing the rights of the individual<\/h4>\n<p><img loading=\"lazy\" decoding=\"async\" class=\"alignnone size-full wp-image-67\" src=\"https:\/\/www.seahouses.si\/wp-content\/uploads\/2018\/06\/ms_divider.png\" alt=\"\" width=\"125\" height=\"4\" \/><\/p>\n<ul>\n<li>For any information on the processing of personal data or your rights as a data subject (right of access, correction, deletion, processing restrictions, transferability and objection), you may contact the operator SEAHOUSE, NASTANITVENE DEJAVNOSTI, G\u00c1BOR DOMJ\u00c1N, s.p. by e-mail to <a href=\"mailto:info@seahouses.si\">info@seahouses.si<\/a> or by telephone +386 051&nbsp;258&nbsp;828.<\/li>\n<li>The operator will respond to your request, with which you exercise your rights in connection with personal data, without undue delay and no later than one month after receiving the request.<\/li>\n<li>For the purposes of reliable identification in the case of the exercise of rights in connection with personal data, the operator may request additional information from you and can only deny action if he proves that he can not reliably identify you.<\/li>\n<\/ul>\n<p>&nbsp;<\/p>\n<h4>Unsubscribing from notifications<\/h4>\n<p><img loading=\"lazy\" decoding=\"async\" class=\"alignnone size-full wp-image-67\" src=\"https:\/\/www.seahouses.si\/wp-content\/uploads\/2018\/06\/ms_divider.png\" alt=\"\" width=\"125\" height=\"4\" \/><\/p>\n<ul>\n<li>You can unsubscribe from emails whenever you want, just by clicking on the unsubscribe link in the received e-mail. To unsubscribe from receiving mobile text messages, send us a text with &#8220;Unsubscribe&#8221; or send us your wishes in writing to the company address or by e-mail to <a href=\"mailto:info@seahouses.si\">info@seahouses.si<\/a>.<\/li>\n<li>If you still receive notifications, despite unsubscribing, we apologize and kindly ask you to notify us immediately.<\/li>\n<\/ul>\n<p>&nbsp;<\/p>\n<h4>Right to appeal<\/h4>\n<p><img loading=\"lazy\" decoding=\"async\" class=\"alignnone size-full wp-image-67\" src=\"https:\/\/www.seahouses.si\/wp-content\/uploads\/2018\/06\/ms_divider.png\" alt=\"\" width=\"125\" height=\"4\" \/><\/p>\n<p>If you believe that our processing of personal data violates the applicable legislation in the field of personal data protection, you have the right to file a complaint with the Information commissioner, to the address Informacijski poobla\u0161\u010denec, Zalo\u0161ka cesta 59, 1000 Ljubljana, Slovenia, phone +386 1 230 97 30, e-mail <a href=\"mailto:gp.ip@ip-rs.si\">gp.ip@ip-rs.si<\/a>.[\/et_pb_text][\/et_pb_column][\/et_pb_row][\/et_pb_section][et_pb_section fb_built=&#8221;1&#8243; module_id=&#8221;kontakt&#8221; _builder_version=&#8221;3.6&#8243; background_color=&#8221;#434244&#8243; global_module=&#8221;364&#8243;][et_pb_row column_structure=&#8221;2_3,1_3&#8243; use_custom_gutter=&#8221;on&#8221; gutter_width=&#8221;4&#8243; custom_padding_last_edited=&#8221;on|phone&#8221; _builder_version=&#8221;3.25&#8243; custom_padding=&#8221;27px||27px|&#8221; custom_padding_tablet=&#8221;24px||24px|&#8221; custom_padding_phone=&#8221;20px||20px|&#8221;][et_pb_column type=&#8221;2_3&#8243; _builder_version=&#8221;3.25&#8243; custom_padding=&#8221;|||&#8221; custom_padding__hover=&#8221;|||&#8221;][et_pb_text admin_label=&#8221;Vam lahko \u0161e kako pomagamo?&#8221; _builder_version=&#8221;4.4.0&#8243; text_font=&#8221;Lora||||||||&#8221; text_font_size=&#8221;24px&#8221; text_line_height=&#8221;1.6em&#8221; background_layout=&#8221;dark&#8221; text_font_size_tablet=&#8221;22px&#8221; text_font_size_phone=&#8221;20px&#8221; text_font_size_last_edited=&#8221;on|phone&#8221;]May we help you with more information? We are here for you! Contact us at <a href=\"mailto:info@seahouses.si\">info@seahouses.si<\/a> or call us at +386\u00a051 258 828.[\/et_pb_text][\/et_pb_column][et_pb_column type=&#8221;1_3&#8243; _builder_version=&#8221;3.25&#8243; custom_padding=&#8221;|||&#8221; custom_padding__hover=&#8221;|||&#8221;][et_pb_text admin_label=&#8221;Kje se nahajamo&#8221; _builder_version=&#8221;3.27.4&#8243; header_3_font_size=&#8221;24px&#8221; header_3_line_height=&#8221;1.6em&#8221; background_layout=&#8221;dark&#8221; header_3_font_size_tablet=&#8221;&#8221; header_3_font_size_phone=&#8221;22px&#8221; header_3_font_size_last_edited=&#8221;on|phone&#8221;]<\/p>\n<h3>How to find us?<\/h3>\n<p>Marina Portorose, Cesta solinarjev 8<br \/>\n6320 Portorose, Slovenia <a href=\"https:\/\/goo.gl\/maps\/kpVh3anAaYS2\" target=\"_blank\" rel=\"noopener noreferrer\">\u2192\u00a0Map<\/a>[\/et_pb_text][et_pb_blurb url=&#8221;https:\/\/www.facebook.com\/seahousess\/&#8221; url_new_window=&#8221;on&#8221; use_icon=&#8221;on&#8221; font_icon=&#8221;%%314%%&#8221; icon_placement=&#8221;left&#8221; content_max_width=&#8221;100%&#8221; admin_label=&#8221;Facebook&#8221; _builder_version=&#8221;3.6&#8243; animation=&#8221;off&#8221;]<a href=\"https:\/\/www.facebook.com\/seahousess\/\" target=\"_blank\" rel=\"noopener noreferrer\"><strong>Follow us<\/strong><\/a>[\/et_pb_blurb][\/et_pb_column][\/et_pb_row][\/et_pb_section]<\/p>\n","protected":false},"excerpt":{"rendered":"<p>Our privacy policy is compiled in accordance with the Consumer Protection Act and the Personal Data Protection Act. It determines the terms of use of the website and the terms of booking through the website www.seahouses.si, managed by SEAHOUSE, NASTANITVENE DEJAVNOSTI, G\u00c1BOR DOMJ\u00c1N, s.p. (hereinafter referred to as the &#8220;provider&#8221;) and the conditions for the [&hellip;]<\/p>\n","protected":false},"author":1,"featured_media":0,"parent":0,"menu_order":10,"comment_status":"closed","ping_status":"closed","template":"","meta":{"_et_pb_use_builder":"on","_et_pb_old_content":"","_et_gb_content_width":"","footnotes":""},"class_list":["post-468","page","type-page","status-publish","hentry"],"_links":{"self":[{"href":"https:\/\/www.seahouses.si\/en\/wp-json\/wp\/v2\/pages\/468","targetHints":{"allow":["GET"]}}],"collection":[{"href":"https:\/\/www.seahouses.si\/en\/wp-json\/wp\/v2\/pages"}],"about":[{"href":"https:\/\/www.seahouses.si\/en\/wp-json\/wp\/v2\/types\/page"}],"author":[{"embeddable":true,"href":"https:\/\/www.seahouses.si\/en\/wp-json\/wp\/v2\/users\/1"}],"replies":[{"embeddable":true,"href":"https:\/\/www.seahouses.si\/en\/wp-json\/wp\/v2\/comments?post=468"}],"version-history":[{"count":21,"href":"https:\/\/www.seahouses.si\/en\/wp-json\/wp\/v2\/pages\/468\/revisions"}],"predecessor-version":[{"id":784,"href":"https:\/\/www.seahouses.si\/en\/wp-json\/wp\/v2\/pages\/468\/revisions\/784"}],"wp:attachment":[{"href":"https:\/\/www.seahouses.si\/en\/wp-json\/wp\/v2\/media?parent=468"}],"curies":[{"name":"wp","href":"https:\/\/api.w.org\/{rel}","templated":true}]}}